{"id":32,"date":"2020-04-13T11:18:50","date_gmt":"2020-04-13T11:18:50","guid":{"rendered":"https:\/\/ozkankereste.com\/index.php\/services\/"},"modified":"2023-10-16T18:51:38","modified_gmt":"2023-10-16T15:51:38","slug":"services","status":"publish","type":"page","link":"https:\/\/ozkankereste.com\/index.php\/services\/","title":{"rendered":"Services"},"content":{"rendered":"\t\t<div data-elementor-type=\"wp-page\" data-elementor-id=\"32\" class=\"elementor elementor-32\">\n\t\t\t\t\t\t\t\t\t<section class=\"elementor-section elementor-top-section elementor-element elementor-element-1b0a5d33 elementor-section-boxed elementor-section-height-default elementor-section-height-default\" data-id=\"1b0a5d33\" data-element_type=\"section\" data-settings=\"{&quot;background_background&quot;:&quot;classic&quot;}\">\n\t\t\t\t\t\t\t<div class=\"elementor-background-overlay\"><\/div>\n\t\t\t\t\t\t\t<div class=\"elementor-container elementor-column-gap-default\">\n\t\t\t\t\t<div class=\"elementor-column elementor-col-100 elementor-top-column elementor-element elementor-element-1f841ba\" data-id=\"1f841ba\" data-element_type=\"column\">\n\t\t\t<div class=\"elementor-widget-wrap elementor-element-populated\">\n\t\t\t\t\t\t\t\t<div class=\"elementor-element elementor-element-365ba0bd elementor-widget-mobile__width-initial elementor-widget elementor-widget-heading\" data-id=\"365ba0bd\" data-element_type=\"widget\" data-widget_type=\"heading.default\">\n\t\t\t\t<div class=\"elementor-widget-container\">\n\t\t\t<style>\/*! elementor - v3.16.0 - 20-09-2023 *\/\n.elementor-heading-title{padding:0;margin:0;line-height:1}.elementor-widget-heading .elementor-heading-title[class*=elementor-size-]>a{color:inherit;font-size:inherit;line-height:inherit}.elementor-widget-heading .elementor-heading-title.elementor-size-small{font-size:15px}.elementor-widget-heading .elementor-heading-title.elementor-size-medium{font-size:19px}.elementor-widget-heading .elementor-heading-title.elementor-size-large{font-size:29px}.elementor-widget-heading .elementor-heading-title.elementor-size-xl{font-size:39px}.elementor-widget-heading .elementor-heading-title.elementor-size-xxl{font-size:59px}<\/style><h1 class=\"elementor-heading-title elementor-size-default\">\u00dcR\u00dcNLER<\/h1>\t\t<\/div>\n\t\t\t\t<\/div>\n\t\t\t\t\t<\/div>\n\t\t<\/div>\n\t\t\t\t\t\t\t<\/div>\n\t\t<\/section>\n\t\t\t\t<section class=\"elementor-section elementor-top-section elementor-element elementor-element-4d2c9e9 elementor-reverse-mobile elementor-section-boxed elementor-section-height-default elementor-section-height-default\" data-id=\"4d2c9e9\" data-element_type=\"section\">\n\t\t\t\t\t\t<div class=\"elementor-container elementor-column-gap-no\">\n\t\t\t\t\t<div class=\"elementor-column elementor-col-100 elementor-top-column elementor-element elementor-element-1148300\" data-id=\"1148300\" data-element_type=\"column\" data-settings=\"{&quot;background_background&quot;:&quot;slideshow&quot;,&quot;background_slideshow_gallery&quot;:[],&quot;background_slideshow_loop&quot;:&quot;yes&quot;,&quot;background_slideshow_slide_duration&quot;:5000,&quot;background_slideshow_slide_transition&quot;:&quot;fade&quot;,&quot;background_slideshow_transition_duration&quot;:500}\">\n\t\t\t<div class=\"elementor-widget-wrap elementor-element-populated\">\n\t\t\t\t\t\t\t\t<div class=\"elementor-element elementor-element-5c89793 elementor-widget elementor-widget-image\" data-id=\"5c89793\" data-element_type=\"widget\" data-widget_type=\"image.default\">\n\t\t\t\t<div class=\"elementor-widget-container\">\n\t\t\t<style>\/*! elementor - v3.16.0 - 20-09-2023 *\/\n.elementor-widget-image{text-align:center}.elementor-widget-image a{display:inline-block}.elementor-widget-image a img[src$=\".svg\"]{width:48px}.elementor-widget-image img{vertical-align:middle;display:inline-block}<\/style>\t\t\t\t\t\t\t\t\t\t\t\t<img decoding=\"async\" src=\"https:\/\/ozkankereste.com\/wp-content\/uploads\/2023\/10\/AdobeStock_45382864_Preview.jpeg\" title=\"AdobeStock_45382864_Preview\" alt=\"AdobeStock_45382864_Preview\" loading=\"lazy\" \/>\t\t\t\t\t\t\t\t\t\t\t\t\t\t\t<\/div>\n\t\t\t\t<\/div>\n\t\t\t\t<div class=\"elementor-element elementor-element-f142ca0 elementor-widget__width-initial elementor-widget elementor-widget-image-box\" data-id=\"f142ca0\" data-element_type=\"widget\" data-widget_type=\"image-box.default\">\n\t\t\t\t<div class=\"elementor-widget-container\">\n\t\t\t<style>\/*! elementor - v3.16.0 - 20-09-2023 *\/\n.elementor-widget-image-box .elementor-image-box-content{width:100%}@media (min-width:768px){.elementor-widget-image-box.elementor-position-left .elementor-image-box-wrapper,.elementor-widget-image-box.elementor-position-right .elementor-image-box-wrapper{display:flex}.elementor-widget-image-box.elementor-position-right .elementor-image-box-wrapper{text-align:right;flex-direction:row-reverse}.elementor-widget-image-box.elementor-position-left .elementor-image-box-wrapper{text-align:left;flex-direction:row}.elementor-widget-image-box.elementor-position-top .elementor-image-box-img{margin:auto}.elementor-widget-image-box.elementor-vertical-align-top .elementor-image-box-wrapper{align-items:flex-start}.elementor-widget-image-box.elementor-vertical-align-middle .elementor-image-box-wrapper{align-items:center}.elementor-widget-image-box.elementor-vertical-align-bottom .elementor-image-box-wrapper{align-items:flex-end}}@media (max-width:767px){.elementor-widget-image-box .elementor-image-box-img{margin-left:auto!important;margin-right:auto!important;margin-bottom:15px}}.elementor-widget-image-box .elementor-image-box-img{display:inline-block}.elementor-widget-image-box .elementor-image-box-title a{color:inherit}.elementor-widget-image-box .elementor-image-box-wrapper{text-align:center}.elementor-widget-image-box .elementor-image-box-description{margin:0}<\/style><div class=\"elementor-image-box-wrapper\"><div class=\"elementor-image-box-content\"><h2 class=\"elementor-image-box-title\">Kereste<\/h2><p class=\"elementor-image-box-description\"><u><b>A\u00e7\u0131klama:<\/b><\/u>\n<br>\n<i>\u0130n\u015faat projeleriniz i\u00e7in y\u00fcksek kaliteli \u00e7am kereste ar\u0131yorsan\u0131z, do\u011fru yerdesiniz! Biz, m\u00fc\u015fterilerimize dayan\u0131kl\u0131, kaliteli kereste \u00e7\u00f6z\u00fcmleri sunmaktan gurur duyuyoruz.<\/i><br><i>\n<\/i>\n<b><u>\u00d6zellikler<\/u>:<\/b>\n\n<br><b>Do\u011fal ve Dayan\u0131kl\u0131<\/b>: <i>\u00dcr\u00fcnlerimiz, y\u00fcksek kaliteli \u00e7am a\u011fa\u00e7lar\u0131ndan elde edilir ve do\u011fal dayan\u0131kl\u0131l\u0131klar\u0131yla bilinirler. Hem i\u00e7 mekan hem de d\u0131\u015f mekan kullan\u0131m\u0131 i\u00e7in uygundur.<\/i>\n<br><b>\u00c7e\u015fitli Boyutlar<\/b>: Projelerinizin gereksinimlerine uygun olarak farkl\u0131 boyutlarda \u00e7am kereste sunuyoruz. \u0130htiyac\u0131n\u0131za uygun olarak \u00f6zelle\u015ftirilebilirler.\n<br><b>Kolay \u0130\u015flenebilir<\/b>: Kereste \u00fcr\u00fcnlerimiz kolayca kesilebilir, \u015fekillendirilebilir ve monte edilebilir, bu da size zaman ve i\u015f\u00e7ilik tasarrufu sa\u011flar.\n<br><b>Do\u011fal G\u00f6r\u00fcn\u00fcm<\/b>: \u00c7am kereste, s\u0131cak ve do\u011fal bir g\u00f6r\u00fcn\u00fcme sahiptir, b\u00f6ylece projelerinize zarif bir estetik katk\u0131 sa\u011flar.<br><\/p><\/div><\/div>\t\t<\/div>\n\t\t\t\t<\/div>\n\t\t\t\t\t<\/div>\n\t\t<\/div>\n\t\t\t\t\t\t\t<\/div>\n\t\t<\/section>\n\t\t\t\t<section class=\"elementor-section elementor-top-section elementor-element elementor-element-9e09982 elementor-section-boxed elementor-section-height-default elementor-section-height-default\" data-id=\"9e09982\" data-element_type=\"section\">\n\t\t\t\t\t\t<div class=\"elementor-container elementor-column-gap-no\">\n\t\t\t\t\t<div class=\"elementor-column elementor-col-100 elementor-top-column elementor-element elementor-element-ddc17dc\" data-id=\"ddc17dc\" data-element_type=\"column\">\n\t\t\t<div class=\"elementor-widget-wrap elementor-element-populated\">\n\t\t\t\t\t\t\t\t<div class=\"elementor-element elementor-element-831113a elementor-widget elementor-widget-image\" data-id=\"831113a\" data-element_type=\"widget\" data-widget_type=\"image.default\">\n\t\t\t\t<div class=\"elementor-widget-container\">\n\t\t\t\t\t\t\t\t\t\t\t\t\t\t\t<img decoding=\"async\" src=\"https:\/\/ozkankereste.com\/wp-content\/uploads\/2023\/10\/latvian-plywood.jpg\" title=\"plywood\" alt=\"plywood\" loading=\"lazy\" \/>\t\t\t\t\t\t\t\t\t\t\t\t\t\t\t<\/div>\n\t\t\t\t<\/div>\n\t\t\t\t<div class=\"elementor-element elementor-element-5fd89a9 elementor-widget elementor-widget-image-box\" data-id=\"5fd89a9\" data-element_type=\"widget\" data-widget_type=\"image-box.default\">\n\t\t\t\t<div class=\"elementor-widget-container\">\n\t\t\t<div class=\"elementor-image-box-wrapper\"><div class=\"elementor-image-box-content\"><h2 class=\"elementor-image-box-title\">Pleywood<\/h2><p class=\"elementor-image-box-description\"><u><b>A\u00e7\u0131klama:<\/b>\n<\/u><br>\n<i>\u0130n\u015faat projeleriniz i\u00e7in dayan\u0131kl\u0131 ve g\u00fcvenilir plywood \u00e7\u00f6z\u00fcmleri mi ar\u0131yorsunuz? Biz, in\u015faat kal\u0131plar\u0131n\u0131n vazge\u00e7ilmez bir bile\u015feni olan y\u00fcksek kaliteli plywood sunmaktan gurur duyuyoruz.<\/i><br>\n\n<b><u>\u00d6zellikler:<\/u><\/b>\n<br>\n<b>Y\u00fcksek Kalite Malzeme<\/b>: <i>Plywood panellerimiz, dayan\u0131kl\u0131l\u0131k ve mukavemet a\u00e7\u0131s\u0131ndan \u00fcst\u00fcn bir performans sunan y\u00fcksek kaliteli ah\u015fap tabakalardan \u00fcretilir.<\/i>\n\n<br><b>\u00c7e\u015fitli Kal\u0131nl\u0131klar<\/b>: <i>Projelerinizin ihtiyac\u0131na uygun olarak farkl\u0131 kal\u0131nl\u0131klarda plywood se\u00e7enekleri sunuyoruz.\n<\/i>\n<br><b>Suya ve Neme Dayan\u0131kl\u0131l\u0131k<\/b>: <i>Plywood panellerimiz, suya ve neme kar\u015f\u0131 dayan\u0131kl\u0131 bir kaplama ile korunur, bu da uzun \u00f6m\u00fcrl\u00fc ve g\u00fcvenilir bir performans sa\u011flar.<\/i>\n\n<br><b>Kesme ve \u015eekillendirme Kolayl\u0131\u011f\u0131<\/b>: <i>Plywood panelleri kolayca kesilebilir ve \u015fekillendirilebilir, bu da h\u0131zl\u0131 ve verimli bir montaj\u0131 m\u00fcmk\u00fcn k\u0131lar.<\/i>\n\n<br><b>Uygun Fiyat<\/b>: <i>Kalite ve dayan\u0131kl\u0131l\u0131kla uygun fiyatlar\u0131 bir araya getiriyoruz, b\u00f6ylece b\u00fct\u00e7enizi a\u015fmadan en iyi plywood \u00e7\u00f6z\u00fcm\u00fcn\u00fc elde edebilirsiniz.<\/i><\/p><\/div><\/div>\t\t<\/div>\n\t\t\t\t<\/div>\n\t\t\t\t\t<\/div>\n\t\t<\/div>\n\t\t\t\t\t\t\t<\/div>\n\t\t<\/section>\n\t\t\t\t<section class=\"elementor-section elementor-top-section elementor-element elementor-element-6027d0f elementor-reverse-mobile elementor-section-boxed elementor-section-height-default elementor-section-height-default\" data-id=\"6027d0f\" data-element_type=\"section\">\n\t\t\t\t\t\t<div class=\"elementor-container elementor-column-gap-no\">\n\t\t\t\t\t<div class=\"elementor-column elementor-col-100 elementor-top-column elementor-element elementor-element-355c572\" data-id=\"355c572\" data-element_type=\"column\">\n\t\t\t<div class=\"elementor-widget-wrap elementor-element-populated\">\n\t\t\t\t\t\t\t\t<div class=\"elementor-element elementor-element-7f1664b elementor-widget elementor-widget-image\" data-id=\"7f1664b\" data-element_type=\"widget\" data-widget_type=\"image.default\">\n\t\t\t\t<div class=\"elementor-widget-container\">\n\t\t\t\t\t\t\t\t\t\t\t\t\t\t\t<img decoding=\"async\" src=\"https:\/\/ozkankereste.com\/wp-content\/uploads\/2023\/10\/OSB.jpg\" title=\"OSB\" alt=\"OSB\" loading=\"lazy\" \/>\t\t\t\t\t\t\t\t\t\t\t\t\t\t\t<\/div>\n\t\t\t\t<\/div>\n\t\t\t\t<div class=\"elementor-element elementor-element-feeaa45 elementor-widget__width-initial elementor-widget elementor-widget-image-box\" data-id=\"feeaa45\" data-element_type=\"widget\" data-widget_type=\"image-box.default\">\n\t\t\t\t<div class=\"elementor-widget-container\">\n\t\t\t<div class=\"elementor-image-box-wrapper\"><div class=\"elementor-image-box-content\"><h2 class=\"elementor-image-box-title\">OSB<\/h2><p class=\"elementor-image-box-description\"><b><u>A\u00e7\u0131klama<\/u>:\n<\/b><br>\n<i>\u0130n\u015faat ve mobilya projeleriniz i\u00e7in y\u00fcksek mukavemetli OSB levha m\u0131 ar\u0131yorsunuz? Biz, g\u00fc\u00e7l\u00fc ve dayan\u0131kl\u0131 yap\u0131s\u0131yla tan\u0131nan y\u00fcksek kaliteli OSB levha sunmaktan gurur duyuyoruz.\n<\/i><br>\n<b><u>\u00d6zellikler:\n<\/u><\/b><br>\n<i><b>M\u00fckemmel Mukavemet<\/b>: OSB levhalar\u0131m\u0131z, odunsu yonga tabakalar\u0131n \u00f6zenle d\u00fczenlenmesiyle olu\u015fturulan \u00fcst\u00fcn mukavemete sahiptir. Bu, in\u015faat projeleri ve mobilya yap\u0131m\u0131 i\u00e7in ideal bir \u00e7\u00f6z\u00fcm sunar.\n<\/i>\n<br><b>\u00c7e\u015fitli Kal\u0131nl\u0131klar<\/b>: <i>Projelerinizin gereksinimlerine uygun olarak farkl\u0131 kal\u0131nl\u0131klarda OSB levha se\u00e7enekleri sunuyoruz.\n\n<\/i><br><b>Suya ve Neme Dayan\u0131kl\u0131l\u0131k<\/b>:<i> Levha y\u00fczeyi, suya ve neme kar\u015f\u0131 dayan\u0131kl\u0131 bir kaplama ile korunur, bu da uzun \u00f6m\u00fcrl\u00fc kullan\u0131m sa\u011flar.<\/i>\n\n<br><b>Kesme ve \u015eekillendirme Kolayl\u0131\u011f<\/b>\u0131: <i>OSB levhalar\u0131 kolayca kesilebilir, \u015fekillendirilebilir ve monte edilebilir, bu da projelerinizi h\u0131zl\u0131 ve verimli bir \u015fekilde tamamlaman\u0131z\u0131 sa\u011flar.<\/i>\n\n<b><br>\u00c7evre Dostu<\/b>: <i>\u00dcr\u00fcnlerimiz, s\u00fcrd\u00fcr\u00fclebilir orman y\u00f6netimi ve \u00e7evre dostu \u00fcretim s\u00fcre\u00e7leriyle uyumlu olarak \u00fcretilir.<\/i><\/p><\/div><\/div>\t\t<\/div>\n\t\t\t\t<\/div>\n\t\t\t\t\t<\/div>\n\t\t<\/div>\n\t\t\t\t\t\t\t<\/div>\n\t\t<\/section>\n\t\t\t\t\t\t\t<\/div>\n\t\t","protected":false},"excerpt":{"rendered":"<p>\u00dcR\u00dcNLER Kereste A\u00e7\u0131klama: \u0130n\u015faat projeleriniz i\u00e7in y\u00fcksek kaliteli \u00e7am kereste ar\u0131yorsan\u0131z, do\u011fru yerdesiniz! Biz, m\u00fc\u015fterilerimize dayan\u0131kl\u0131, kaliteli kereste \u00e7\u00f6z\u00fcmleri sunmaktan gurur duyuyoruz. \u00d6zellikler: Do\u011fal ve Dayan\u0131kl\u0131: \u00dcr\u00fcnlerimiz, y\u00fcksek kaliteli \u00e7am a\u011fa\u00e7lar\u0131ndan elde edilir ve do\u011fal dayan\u0131kl\u0131l\u0131klar\u0131yla bilinirler. Hem i\u00e7 mekan hem de d\u0131\u015f mekan kullan\u0131m\u0131 i\u00e7in uygundur. \u00c7e\u015fitli Boyutlar: Projelerinizin gereksinimlerine uygun olarak farkl\u0131 boyutlarda &hellip;<\/p>\n<p class=\"read-more\"> <a class=\"\" href=\"https:\/\/ozkankereste.com\/index.php\/services\/\"> <span class=\"screen-reader-text\">Services<\/span> Devam\u0131 &raquo;<\/a><\/p>\n","protected":false},"author":1,"featured_media":0,"parent":0,"menu_order":0,"comment_status":"closed","ping_status":"closed","template":"","meta":{"site-sidebar-layout":"no-sidebar","site-content-layout":"page-builder","ast-site-content-layout":"","site-content-style":"default","site-sidebar-style":"default","ast-global-header-display":"","ast-banner-title-visibility":"","ast-main-header-display":"","ast-hfb-above-header-display":"","ast-hfb-below-header-display":"","ast-hfb-mobile-header-display":"","site-post-title":"disabled","ast-breadcrumbs-content":"","ast-featured-img":"","footer-sml-layout":"","theme-transparent-header-meta":"enabled","adv-header-id-meta":"","stick-header-meta":"","header-above-stick-meta":"","header-main-stick-meta":"","header-below-stick-meta":"","astra-migrate-meta-layouts":"","footnotes":""},"_links":{"self":[{"href":"https:\/\/ozkankereste.com\/index.php\/wp-json\/wp\/v2\/pages\/32"}],"collection":[{"href":"https:\/\/ozkankereste.com\/index.php\/wp-json\/wp\/v2\/pages"}],"about":[{"href":"https:\/\/ozkankereste.com\/index.php\/wp-json\/wp\/v2\/types\/page"}],"author":[{"embeddable":true,"href":"https:\/\/ozkankereste.com\/index.php\/wp-json\/wp\/v2\/users\/1"}],"replies":[{"embeddable":true,"href":"https:\/\/ozkankereste.com\/index.php\/wp-json\/wp\/v2\/comments?post=32"}],"version-history":[{"count":22,"href":"https:\/\/ozkankereste.com\/index.php\/wp-json\/wp\/v2\/pages\/32\/revisions"}],"predecessor-version":[{"id":482,"href":"https:\/\/ozkankereste.com\/index.php\/wp-json\/wp\/v2\/pages\/32\/revisions\/482"}],"wp:attachment":[{"href":"https:\/\/ozkankereste.com\/index.php\/wp-json\/wp\/v2\/media?parent=32"}],"curies":[{"name":"wp","href":"https:\/\/api.w.org\/{rel}","templated":true}]}}